{"id":590,"date":"2024-07-05T01:08:29","date_gmt":"2024-07-04T23:08:29","guid":{"rendered":"https:\/\/blueblockart.com\/?page_id=590"},"modified":"2025-03-16T15:12:58","modified_gmt":"2025-03-16T14:12:58","slug":"bba-crypto-humanitaire","status":"publish","type":"page","link":"https:\/\/blueblockart.com\/index.php\/bba-crypto-humanitaire\/","title":{"rendered":"BlueBlockArt Studio"},"content":{"rendered":"\n<p>Anime et Manga BBA la crypto humanitaire<\/p>\n\n\n\n<div class=\"wp-block-cover is-light\"><span aria-hidden=\"true\" class=\"wp-block-cover__background has-background-dim\"><\/span><video class=\"wp-block-cover__video-background intrinsic-ignore\" autoplay muted loop playsinline src=\"https:\/\/blueblockart.com\/wp-content\/uploads\/2024\/07\/animed-1.mp4\" data-object-fit=\"cover\"><\/video><div class=\"wp-block-cover__inner-container is-layout-constrained wp-block-cover-is-layout-constrained\">\n<p class=\"has-text-align-center has-large-font-size\"><\/p>\n<\/div><\/div>\n\n\n\n<hr class=\"wp-block-separator has-alpha-channel-opacity\"\/>\n\n\n\n<div class=\"wp-block-cover is-light\"><span aria-hidden=\"true\" class=\"wp-block-cover__background has-background-dim\"><\/span><video class=\"wp-block-cover__video-background intrinsic-ignore\" autoplay muted loop playsinline src=\"https:\/\/blueblockart.com\/wp-content\/uploads\/2024\/07\/animed-2.mp4\" data-object-fit=\"cover\"><\/video><div class=\"wp-block-cover__inner-container is-layout-constrained wp-block-cover-is-layout-constrained\">\n<p class=\"has-text-align-center has-large-font-size\"><\/p>\n<\/div><\/div>\n\n\n\n<hr class=\"wp-block-separator has-alpha-channel-opacity\"\/>\n\n\n\n<div class=\"wp-block-cover\"><span aria-hidden=\"true\" class=\"wp-block-cover__background has-background-dim\"><\/span><video class=\"wp-block-cover__video-background intrinsic-ignore\" autoplay muted loop playsinline src=\"https:\/\/blueblockart.com\/wp-content\/uploads\/2024\/07\/Synfig-Animation-1b.mp4\" data-object-fit=\"cover\"><\/video><div class=\"wp-block-cover__inner-container is-layout-constrained wp-block-cover-is-layout-constrained\">\n<p class=\"has-text-align-center has-large-font-size\"><\/p>\n<\/div><\/div>\n\n\n\n<div class=\"wp-block-cover is-light\"><span aria-hidden=\"true\" class=\"wp-block-cover__background has-background-dim\" style=\"background-color:#FFF\"><\/span><video class=\"wp-block-cover__video-background intrinsic-ignore\" autoplay muted loop playsinline src=\"https:\/\/blueblockart.com\/wp-content\/uploads\/2025\/03\/BBA-MARKET-1-1.mp4\" data-object-fit=\"cover\"><\/video><div class=\"wp-block-cover__inner-container is-layout-constrained wp-block-cover-is-layout-constrained\">\n<p class=\"has-text-align-center has-large-font-size\"><\/p>\n<\/div><\/div>\n\n\n\n<p class=\"has-text-align-center\">BBA crypto humanitaire Fusionner l\u2019intelligence artificielle avec la cr\u00e9ativit\u00e9 humaine<\/p>\n\n\n\n<h3 class=\"wp-block-heading\"><strong>BBA Crypto Humanitaire : L\u2019Art au Service de l\u2019Humanit\u00e9<\/strong><\/h3>\n\n\n\n<p><strong>BlueBlockArt (BBA)<\/strong> est une initiative qui associe <strong>cr\u00e9ativit\u00e9, technologie et humanit\u00e9<\/strong> en soutenant la cr\u00e9ation artistique tout en aidant les enfants en fin de vie. \u00c0 travers un <strong>mod\u00e8le \u00e9conomique d\u00e9centralis\u00e9<\/strong>, notre projet repose sur la communaut\u00e9, sans influence d\u2019investisseurs externes, garantissant ainsi une approche <strong>100 % collaborative et solidaire<\/strong>.<\/p>\n\n\n\n<p>Chaque vente d\u2019un <strong>NFT BlueBlockArt<\/strong> contribue directement au financement du projet en alimentant les <strong>tokens BBA<\/strong>. Parmi ceux-ci, <strong>40 % sont sp\u00e9cifiquement d\u00e9di\u00e9s \u00e0 l\u2019aide aux enfants en soins palliatifs<\/strong>, offrant un v\u00e9ritable impact humanitaire. Cette approche innovante allie <strong>art, blockchain et solidarit\u00e9<\/strong>, cr\u00e9ant ainsi un cercle vertueux o\u00f9 la cr\u00e9ativit\u00e9 devient un levier de soutien concret.<\/p>\n\n\n\n<p>Nous croyons en une <strong>cr\u00e9ation artistique accessible \u00e0 tous<\/strong>, qu\u2019il s\u2019agisse de particuliers ou d\u2019entreprises. Notre plateforme permet aux artistes de <strong>proposer leurs \u0153uvres<\/strong>, qui sont ensuite mises en vente apr\u00e8s v\u00e9rification. Les grandes marques ont \u00e9galement l\u2019opportunit\u00e9 d\u2019acqu\u00e9rir ces cr\u00e9ations et de <strong>collaborer directement avec les artistes<\/strong>.<\/p>\n\n\n\n<p>Gr\u00e2ce \u00e0 la <strong>fusion entre intelligence humaine et outils technologiques<\/strong>, BlueBlockArt met \u00e0 disposition une <strong>banque d\u2019images \u00e9volutive<\/strong>, enrichie par la communaut\u00e9 et soutenue par des outils d\u2019intelligence artificielle pour <strong>s\u00e9curiser et faciliter les \u00e9changes<\/strong> entre cr\u00e9ateurs et entrepreneurs.<\/p>\n\n\n\n<p>En int\u00e9grant l\u2019art et la blockchain \u00e0 un projet humanitaire, <strong>BBA red\u00e9finit la cr\u00e9ation d\u00e9centralis\u00e9e<\/strong> en la mettant au service d\u2019une cause noble. <strong>Rejoignez-nous et participez \u00e0 une r\u00e9volution artistique et solidaire !<\/strong><\/p>\n\n\n\n<p>Notre objectif principal est d\u2019<strong>aider les enfants en fin de vie<\/strong>. Leur imagination est l\u2019<strong>art ultime<\/strong>, une source infinie de joie pour le monde.<\/p>\n\n\n\n<p>Nous souhaitons \u00e9galement offrir&nbsp;<strong>un acc\u00e8s \u00e0 une banque d\u2019images uniques sur la blockchain<\/strong>, gr\u00e2ce \u00e0 l\u2019engagement de nos b\u00e9n\u00e9voles, de notre communaut\u00e9 et au soutien des outils OpenAI. Ces technologies permettent de&nbsp;<strong>s\u00e9curiser, cr\u00e9er et faciliter les \u00e9changes<\/strong>&nbsp;entre cr\u00e9ateurs et entrepreneurs.<\/p>\n\n\n\n<p>E savoir plus : <a href=\"https:\/\/blueblockart.com\/index.php\/livre-blanc\/\">livreblanc<\/a><\/p>\n\n\n\n<p>Suivez nous : <a href=\"https:\/\/www.youtube.com\/@NFT-BlueBlockArt\" target=\"_blank\" rel=\"noreferrer noopener\">youtube<\/a> <\/p>\n\n\n\n<p><\/p>\n","protected":false},"excerpt":{"rendered":"<p>Anime et Manga BBA la crypto humanitaire BBA crypto humanitaire Fusionner l\u2019intelligence artificielle avec la cr\u00e9ativit\u00e9 humaine BBA Crypto Humanitaire [&hellip;]<\/p>\n","protected":false},"author":1,"featured_media":629,"parent":0,"menu_order":0,"comment_status":"closed","ping_status":"closed","template":"","meta":{"_monsterinsights_skip_tracking":false,"_monsterinsights_sitenote_active":false,"_monsterinsights_sitenote_note":"","_monsterinsights_sitenote_category":0,"site-sidebar-layout":"default","site-content-layout":"","ast-site-content-layout":"","site-content-style":"default","site-sidebar-style":"default","ast-global-header-display":"","ast-banner-title-visibility":"","ast-main-header-display":"","ast-hfb-above-header-display":"","ast-hfb-below-header-display":"","ast-hfb-mobile-header-display":"","site-post-title":"","ast-breadcrumbs-content":"","ast-featured-img":"","footer-sml-layout":"","theme-transparent-header-meta":"","adv-header-id-meta":"","stick-header-meta":"","header-above-stick-meta":"","header-main-stick-meta":"","header-below-stick-meta":"","astra-migrate-meta-layouts":"default","ast-page-background-enabled":"default","ast-page-background-meta":{"desktop":{"background-color":"var(--ast-global-color-4)","background-image":"","background-repeat":"repeat","background-position":"center center","background-size":"auto","background-attachment":"scroll","background-type":"","background-media":"","overlay-type":"","overlay-color":"","overlay-gradient":""},"tablet":{"background-color":"","background-image":"","background-repeat":"repeat","background-position":"center center","background-size":"auto","background-attachment":"scroll","background-type":"","background-media":"","overlay-type":"","overlay-color":"","overlay-gradient":""},"mobile":{"background-color":"","background-image":"","background-repeat":"repeat","background-position":"center center","background-size":"auto","background-attachment":"scroll","background-type":"","background-media":"","overlay-type":"","overlay-color":"","overlay-gradient":""}},"ast-content-background-meta":{"desktop":{"background-color":"var(--ast-global-color-5)","background-image":"","background-repeat":"repeat","background-position":"center center","background-size":"auto","background-attachment":"scroll","background-type":"","background-media":"","overlay-type":"","overlay-color":"","overlay-gradient":""},"tablet":{"background-color":"var(--ast-global-color-5)","background-image":"","background-repeat":"repeat","background-position":"center center","background-size":"auto","background-attachment":"scroll","background-type":"","background-media":"","overlay-type":"","overlay-color":"","overlay-gradient":""},"mobile":{"background-color":"var(--ast-global-color-5)","background-image":"","background-repeat":"repeat","background-position":"center center","background-size":"auto","background-attachment":"scroll","background-type":"","background-media":"","overlay-type":"","overlay-color":"","overlay-gradient":""}},"footnotes":""},"class_list":["post-590","page","type-page","status-publish","has-post-thumbnail","hentry"],"yoast_head":"<!-- This site is optimized with the Yoast SEO plugin v26.8 - https:\/\/yoast.com\/product\/yoast-seo-wordpress\/ -->\n<title>BBA crypto humanitaire<\/title>\n<meta name=\"description\" content=\"BBA crypto humanitaire Fusionner l\u2019intelligence artificielle avec la cr\u00e9ativit\u00e9 humaine, et non l\u2019inverse la technologie un outil\" \/>\n<meta name=\"robots\" content=\"index, follow, max-snippet:-1, max-image-preview:large, max-video-preview:-1\" \/>\n<link rel=\"canonical\" href=\"https:\/\/blueblockart.com\/index.php\/bba-crypto-humanitaire\/\" \/>\n<meta property=\"og:locale\" content=\"en_US\" \/>\n<meta property=\"og:type\" content=\"article\" \/>\n<meta property=\"og:title\" content=\"BBA crypto humanitaire\" \/>\n<meta property=\"og:description\" content=\"BBA crypto humanitaire Fusionner l\u2019intelligence artificielle avec la cr\u00e9ativit\u00e9 humaine, et non l\u2019inverse la technologie un outil\" \/>\n<meta property=\"og:url\" content=\"https:\/\/blueblockart.com\/index.php\/bba-crypto-humanitaire\/\" \/>\n<meta property=\"og:site_name\" content=\"BlueBlockArt\" \/>\n<meta property=\"article:modified_time\" content=\"2025-03-16T14:12:58+00:00\" \/>\n<meta property=\"og:image\" content=\"https:\/\/blueblockart.com\/wp-content\/uploads\/2025\/03\/STUDIO-BBA-1-e1742131550365.jpg\" \/>\n\t<meta property=\"og:image:width\" content=\"1920\" \/>\n\t<meta property=\"og:image:height\" content=\"762\" \/>\n\t<meta property=\"og:image:type\" content=\"image\/jpeg\" \/>\n<meta name=\"twitter:card\" content=\"summary_large_image\" \/>\n<meta name=\"twitter:label1\" content=\"Est. reading time\" \/>\n\t<meta name=\"twitter:data1\" content=\"2 minutes\" \/>\n<script type=\"application\/ld+json\" class=\"yoast-schema-graph\">{\"@context\":\"https:\/\/schema.org\",\"@graph\":[{\"@type\":\"WebPage\",\"@id\":\"https:\/\/blueblockart.com\/index.php\/bba-crypto-humanitaire\/\",\"url\":\"https:\/\/blueblockart.com\/index.php\/bba-crypto-humanitaire\/\",\"name\":\"BBA crypto humanitaire\",\"isPartOf\":{\"@id\":\"https:\/\/blueblockart.com\/#website\"},\"primaryImageOfPage\":{\"@id\":\"https:\/\/blueblockart.com\/index.php\/bba-crypto-humanitaire\/#primaryimage\"},\"image\":{\"@id\":\"https:\/\/blueblockart.com\/index.php\/bba-crypto-humanitaire\/#primaryimage\"},\"thumbnailUrl\":\"https:\/\/blueblockart.com\/wp-content\/uploads\/2025\/03\/STUDIO-BBA-1-e1742131550365.jpg\",\"datePublished\":\"2024-07-04T23:08:29+00:00\",\"dateModified\":\"2025-03-16T14:12:58+00:00\",\"description\":\"BBA crypto humanitaire Fusionner l\u2019intelligence artificielle avec la cr\u00e9ativit\u00e9 humaine, et non l\u2019inverse la technologie un outil\",\"breadcrumb\":{\"@id\":\"https:\/\/blueblockart.com\/index.php\/bba-crypto-humanitaire\/#breadcrumb\"},\"inLanguage\":\"en-US\",\"potentialAction\":[{\"@type\":\"ReadAction\",\"target\":[\"https:\/\/blueblockart.com\/index.php\/bba-crypto-humanitaire\/\"]}]},{\"@type\":\"ImageObject\",\"inLanguage\":\"en-US\",\"@id\":\"https:\/\/blueblockart.com\/index.php\/bba-crypto-humanitaire\/#primaryimage\",\"url\":\"https:\/\/blueblockart.com\/wp-content\/uploads\/2025\/03\/STUDIO-BBA-1-e1742131550365.jpg\",\"contentUrl\":\"https:\/\/blueblockart.com\/wp-content\/uploads\/2025\/03\/STUDIO-BBA-1-e1742131550365.jpg\",\"width\":1920,\"height\":762,\"caption\":\"CREATOR: gd-jpeg v1.0 (using IJG JPEG v62), quality = 82\"},{\"@type\":\"BreadcrumbList\",\"@id\":\"https:\/\/blueblockart.com\/index.php\/bba-crypto-humanitaire\/#breadcrumb\",\"itemListElement\":[{\"@type\":\"ListItem\",\"position\":1,\"name\":\"Accueil\",\"item\":\"https:\/\/blueblockart.com\/\"},{\"@type\":\"ListItem\",\"position\":2,\"name\":\"BlueBlockArt Studio\"}]},{\"@type\":\"WebSite\",\"@id\":\"https:\/\/blueblockart.com\/#website\",\"url\":\"https:\/\/blueblockart.com\/\",\"name\":\"blueblockart\",\"description\":\"Powered by OpenAI - GPT\",\"publisher\":{\"@id\":\"https:\/\/blueblockart.com\/#organization\"},\"potentialAction\":[{\"@type\":\"SearchAction\",\"target\":{\"@type\":\"EntryPoint\",\"urlTemplate\":\"https:\/\/blueblockart.com\/?s={search_term_string}\"},\"query-input\":{\"@type\":\"PropertyValueSpecification\",\"valueRequired\":true,\"valueName\":\"search_term_string\"}}],\"inLanguage\":\"en-US\"},{\"@type\":\"Organization\",\"@id\":\"https:\/\/blueblockart.com\/#organization\",\"name\":\"blueblockart\",\"url\":\"https:\/\/blueblockart.com\/\",\"logo\":{\"@type\":\"ImageObject\",\"inLanguage\":\"en-US\",\"@id\":\"https:\/\/blueblockart.com\/#\/schema\/logo\/image\/\",\"url\":\"https:\/\/blueblockart.com\/wp-content\/uploads\/2024\/03\/cropped-cropped-Blue-Block-logo-4-1.png\",\"contentUrl\":\"https:\/\/blueblockart.com\/wp-content\/uploads\/2024\/03\/cropped-cropped-Blue-Block-logo-4-1.png\",\"width\":1197,\"height\":1198,\"caption\":\"blueblockart\"},\"image\":{\"@id\":\"https:\/\/blueblockart.com\/#\/schema\/logo\/image\/\"}}]}<\/script>\n<!-- \/ Yoast SEO plugin. -->","yoast_head_json":{"title":"BBA crypto humanitaire","description":"BBA crypto humanitaire Fusionner l\u2019intelligence artificielle avec la cr\u00e9ativit\u00e9 humaine, et non l\u2019inverse la technologie un outil","robots":{"index":"index","follow":"follow","max-snippet":"max-snippet:-1","max-image-preview":"max-image-preview:large","max-video-preview":"max-video-preview:-1"},"canonical":"https:\/\/blueblockart.com\/index.php\/bba-crypto-humanitaire\/","og_locale":"en_US","og_type":"article","og_title":"BBA crypto humanitaire","og_description":"BBA crypto humanitaire Fusionner l\u2019intelligence artificielle avec la cr\u00e9ativit\u00e9 humaine, et non l\u2019inverse la technologie un outil","og_url":"https:\/\/blueblockart.com\/index.php\/bba-crypto-humanitaire\/","og_site_name":"BlueBlockArt","article_modified_time":"2025-03-16T14:12:58+00:00","og_image":[{"width":1920,"height":762,"url":"https:\/\/blueblockart.com\/wp-content\/uploads\/2025\/03\/STUDIO-BBA-1-e1742131550365.jpg","type":"image\/jpeg"}],"twitter_card":"summary_large_image","twitter_misc":{"Est. reading time":"2 minutes"},"schema":{"@context":"https:\/\/schema.org","@graph":[{"@type":"WebPage","@id":"https:\/\/blueblockart.com\/index.php\/bba-crypto-humanitaire\/","url":"https:\/\/blueblockart.com\/index.php\/bba-crypto-humanitaire\/","name":"BBA crypto humanitaire","isPartOf":{"@id":"https:\/\/blueblockart.com\/#website"},"primaryImageOfPage":{"@id":"https:\/\/blueblockart.com\/index.php\/bba-crypto-humanitaire\/#primaryimage"},"image":{"@id":"https:\/\/blueblockart.com\/index.php\/bba-crypto-humanitaire\/#primaryimage"},"thumbnailUrl":"https:\/\/blueblockart.com\/wp-content\/uploads\/2025\/03\/STUDIO-BBA-1-e1742131550365.jpg","datePublished":"2024-07-04T23:08:29+00:00","dateModified":"2025-03-16T14:12:58+00:00","description":"BBA crypto humanitaire Fusionner l\u2019intelligence artificielle avec la cr\u00e9ativit\u00e9 humaine, et non l\u2019inverse la technologie un outil","breadcrumb":{"@id":"https:\/\/blueblockart.com\/index.php\/bba-crypto-humanitaire\/#breadcrumb"},"inLanguage":"en-US","potentialAction":[{"@type":"ReadAction","target":["https:\/\/blueblockart.com\/index.php\/bba-crypto-humanitaire\/"]}]},{"@type":"ImageObject","inLanguage":"en-US","@id":"https:\/\/blueblockart.com\/index.php\/bba-crypto-humanitaire\/#primaryimage","url":"https:\/\/blueblockart.com\/wp-content\/uploads\/2025\/03\/STUDIO-BBA-1-e1742131550365.jpg","contentUrl":"https:\/\/blueblockart.com\/wp-content\/uploads\/2025\/03\/STUDIO-BBA-1-e1742131550365.jpg","width":1920,"height":762,"caption":"CREATOR: gd-jpeg v1.0 (using IJG JPEG v62), quality = 82"},{"@type":"BreadcrumbList","@id":"https:\/\/blueblockart.com\/index.php\/bba-crypto-humanitaire\/#breadcrumb","itemListElement":[{"@type":"ListItem","position":1,"name":"Accueil","item":"https:\/\/blueblockart.com\/"},{"@type":"ListItem","position":2,"name":"BlueBlockArt Studio"}]},{"@type":"WebSite","@id":"https:\/\/blueblockart.com\/#website","url":"https:\/\/blueblockart.com\/","name":"blueblockart","description":"Powered by OpenAI - GPT","publisher":{"@id":"https:\/\/blueblockart.com\/#organization"},"potentialAction":[{"@type":"SearchAction","target":{"@type":"EntryPoint","urlTemplate":"https:\/\/blueblockart.com\/?s={search_term_string}"},"query-input":{"@type":"PropertyValueSpecification","valueRequired":true,"valueName":"search_term_string"}}],"inLanguage":"en-US"},{"@type":"Organization","@id":"https:\/\/blueblockart.com\/#organization","name":"blueblockart","url":"https:\/\/blueblockart.com\/","logo":{"@type":"ImageObject","inLanguage":"en-US","@id":"https:\/\/blueblockart.com\/#\/schema\/logo\/image\/","url":"https:\/\/blueblockart.com\/wp-content\/uploads\/2024\/03\/cropped-cropped-Blue-Block-logo-4-1.png","contentUrl":"https:\/\/blueblockart.com\/wp-content\/uploads\/2024\/03\/cropped-cropped-Blue-Block-logo-4-1.png","width":1197,"height":1198,"caption":"blueblockart"},"image":{"@id":"https:\/\/blueblockart.com\/#\/schema\/logo\/image\/"}}]}},"_links":{"self":[{"href":"https:\/\/blueblockart.com\/index.php\/wp-json\/wp\/v2\/pages\/590","targetHints":{"allow":["GET"]}}],"collection":[{"href":"https:\/\/blueblockart.com\/index.php\/wp-json\/wp\/v2\/pages"}],"about":[{"href":"https:\/\/blueblockart.com\/index.php\/wp-json\/wp\/v2\/types\/page"}],"author":[{"embeddable":true,"href":"https:\/\/blueblockart.com\/index.php\/wp-json\/wp\/v2\/users\/1"}],"replies":[{"embeddable":true,"href":"https:\/\/blueblockart.com\/index.php\/wp-json\/wp\/v2\/comments?post=590"}],"version-history":[{"count":13,"href":"https:\/\/blueblockart.com\/index.php\/wp-json\/wp\/v2\/pages\/590\/revisions"}],"predecessor-version":[{"id":640,"href":"https:\/\/blueblockart.com\/index.php\/wp-json\/wp\/v2\/pages\/590\/revisions\/640"}],"wp:featuredmedia":[{"embeddable":true,"href":"https:\/\/blueblockart.com\/index.php\/wp-json\/wp\/v2\/media\/629"}],"wp:attachment":[{"href":"https:\/\/blueblockart.com\/index.php\/wp-json\/wp\/v2\/media?parent=590"}],"curies":[{"name":"wp","href":"https:\/\/api.w.org\/{rel}","templated":true}]}}